{"id":7267,"date":"2024-01-04T10:52:07","date_gmt":"2024-01-04T08:52:07","guid":{"rendered":"https:\/\/focus-advokater.dk\/?page_id=7267"},"modified":"2025-11-24T09:14:44","modified_gmt":"2025-11-24T09:14:44","slug":"arbejdsliv","status":"publish","type":"page","link":"https:\/\/focus-advokater.dk\/en\/arbejdsliv\/","title":{"rendered":"Arbejdsliv"},"content":{"rendered":"\n<section class=\"wp-block-focus-advokater-cover-text-image mt-cover-text-image mt-cover-text-image--overlay-top-1 mt-cover-text-image--overlay-bottom-0 mt-cover-text-image--has-overlay\"><div class=\"mt-cover-text-image__inner\"><div class=\"mt-cover-text-image__image-container object-fit\"><div class=\"mt-cover-text-image__image-wrapper\"><img decoding=\"async\" src=\"https:\/\/focus-advokater.dk\/wp-content\/uploads\/2023\/10\/Eksempel-4-scaled.jpg\" alt=\"\"\/><\/div><\/div><div class=\"page-container\"><div class=\"mt-cover-text-image__text-container\"><p class=\"mt-cover-text-image__tagline tagline tagline--tertiary\">Arbejdsliv<\/p><h1 class=\"mt-cover-text-image__title title--white\"><strong>G\u00f8r karriere hos Focus Advokater <\/strong><\/h1><div class=\"mt-cover-text-image__wysiwyg wysiwyg wysiwyg--white\">\n<p>En karriere hos os er mere end bare et job. Bliv klogere p\u00e5 Focus Advokater som arbejdsplads og de karriereveje, vi kan tilbyde.<\/p>\n\n\n\n<div class=\"wp-block-buttons is-layout-flex wp-block-buttons-is-layout-flex\">\n<div class=\"wp-block-button is-style-secondary\"><a class=\"wp-block-button__link wp-element-button\" href=\"https:\/\/focus-advokater.dk\/en\/?post_type=employee&#038;p=7332\">Kontakt os<\/a><\/div>\n<\/div>\n<\/div><\/div><\/div><\/div><\/section>\n\n\n\n<section class=\"wp-block-morningtrain-link-card-grid mt-link-card-grid mtSpacing-top-small mtSpacing-bottom-medium\"><div class=\"mt-link-card-grid__inner mt-block-text-outer-container page-container\"><div class=\"mt-link-card-grid__text-container mt-block-text-wrapper\"><p class=\"mt-link-card-grid__tagline tagline\">Arbejdsliv<\/p><h2 class=\"mt-link-card-grid__title\">M\u00f8d vores medarbejdere<\/h2><\/div><div class=\"mt-link-card-grid__posts\">\n<div class=\"wp-block-morningtrain-link-card-grid-item mt-link-card\"><div class=\"mt-link-card__image-container\"><img decoding=\"async\" src=\"https:\/\/focus-advokater.dk\/wp-content\/uploads\/2023\/12\/maria-lolch.jpg\" alt=\"\"\/><\/div><div class=\"mt-link-card__text-container\"><h3 class=\"mt-link-card__title\">M\u00f8d Maria Lolch Kristensen<\/h3><p class=\"mt-link-card__excerpt\">Advokat <\/p><\/div><a href=\"https:\/\/focus-advokater.dk\/en\/?page_id=7288\" target=\"_self\" rel=\"noopener\"><\/a><\/div>\n\n\n\n<div class=\"wp-block-morningtrain-link-card-grid-item mt-link-card\"><div class=\"mt-link-card__image-container\"><img decoding=\"async\" src=\"https:\/\/focus-advokater.dk\/wp-content\/uploads\/2023\/12\/kathrine-rasmussen.jpg\" alt=\"\"\/><\/div><div class=\"mt-link-card__text-container\"><h3 class=\"mt-link-card__title\">Kathrine Myltoft Rasmussen<\/h3><p class=\"mt-link-card__excerpt\">Erhvervsjuridisk fuldm\u00e6gtig <\/p><\/div><a href=\"https:\/\/focus-advokater.dk\/en\/?page_id=7290\" target=\"_self\" rel=\"noopener\"><\/a><\/div>\n\n\n\n<div class=\"wp-block-morningtrain-link-card-grid-item mt-link-card\"><div class=\"mt-link-card__image-container\"><img decoding=\"async\" src=\"https:\/\/focus-advokater.dk\/wp-content\/uploads\/2023\/12\/andreas-ole-jakobsen.jpg\" alt=\"\"\/><\/div><div class=\"mt-link-card__text-container\"><h3 class=\"mt-link-card__title\">Andreas Ole Jakobsen<\/h3><p class=\"mt-link-card__excerpt\">Trainee<\/p><\/div><a href=\"https:\/\/focus-advokater.dk\/en\/?page_id=7292\" target=\"_self\" rel=\"noopener\"><\/a><\/div>\n<\/div><\/div><\/section>\n\n\n\n<section class=\"wp-block-focus-advokater-text-media mt-text-media mt-text-media--align-media-left mt-text-media--extra-space-top-tablet-and-under mt-text-media--extra-space-bottom-tablet-and-under mt-text-media--content-position-bottom is-style-bg-secondary mtSpacing-bottom-small mtSpacing-top-small\"><div class=\"mt-text-media__inner page-container mt-block-text-outer-container\"><div class=\"mt-text-media__image-container\"><img decoding=\"async\" src=\"https:\/\/focus-advokater.dk\/wp-content\/uploads\/2023\/11\/eva-berner-1.jpg\" alt=\"\" style=\"object-position:50% 50%\"\/><div class=\"mt-text-media__play-button mt-text-media__play-button--undefined open-video-modal\" data-url=\"https:\/\/focus-advokater.dk\/wp-content\/uploads\/2024\/01\/Video.mov\"><\/div><\/div><div class=\"mt-text-media__text-container mt-block-text-wrapper\"><span class=\"mt-text-media__tagline tagline\">G\u00f8r karriere hos Focus Advokater<\/span><h2 class=\"mt-text-media__title\">K\u00e6re kommende kollega &#8211; derfor skal du s\u00f8ge job hos os<\/h2><p class=\"mt-text-media__additional-text\"><br><\/p><div class=\"mt-text-media__content-wrapper\">\n<p>En videohilsen fra Eva Berner, direkt\u00f8r Direkt\u00f8r \u2013 People, Culture and Business Development, Focus Advokater.<br><br>Vi gl\u00e6der os til at h\u00f8re fra dig!<\/p>\n\n\n\n<div class=\"wp-block-buttons is-layout-flex wp-block-buttons-is-layout-flex\">\n<div class=\"wp-block-button is-style-secondary\"><a class=\"wp-block-button__link wp-element-button\" href=\"https:\/\/focus-advokater.dk\/en\/?page_id=7279\">Bliv en del af vores team<\/a><\/div>\n<\/div>\n<\/div><\/div><\/div><\/section>\n\n\n\n<section class=\"wp-block-focus-advokater-faq mt-faq mtSpacing-top-small mtSpacing-bottom-small\"><div class=\"mt-faq__inner page-container mt-block-text-outer-container\"><div class=\"mt-faq__text-container mt-block-text-wrapper\"><h3 class=\"mt-faq__title title--h2\">Karriereveje<\/h3><\/div><div class=\"mt-faq__faqs-wrapper\">\n<div class=\"wp-block-focus-advokater-faq-item mt-faq-item slide-toggle-wrapper\" data-slide-toggle-breakpoint=\"9999\"><div class=\"mt-faq-item__label-wrapper\"><p class=\"mt-faq-item__label slide-toggle-button arrow-right-red\">Advokat<\/p><\/div><div class=\"mt-faq-item__content-wrapper slide-toggle-content wysiwyg\"><p class=\"mt-faq-item__content\">Hos Focus Advokater er vores advokater meget specialiseret inden for forskellige grene af erhvervsretten.<br><br>Som advokat skal du p\u00e5 baggrund af din juridiske spidskompetence kunne levere erhvervsjura i \u00f8jenh\u00f8jde med vores kunder. Det er vigtigt, at du har forretningsforst\u00e5else, og at du er i stand til at skabe v\u00e6rdi for kunderne. Du skal samtidig v\u00e6re god til at fastholde og udbygge relationerne til kunderne og have sans for at skabe at skabe ny forretning.<br><br><\/p>\n<figure class=\"wp-block-image size-large\"><img decoding=\"async\" width=\"1024\" height=\"557\" src=\"https:\/\/focus-advokater.dk\/wp-content\/uploads\/2023\/08\/DSC01780-1-1024x557.jpg\" alt=\"\" class=\"wp-image-3150\" srcset=\"https:\/\/focus-advokater.dk\/wp-content\/uploads\/2023\/08\/DSC01780-1-1024x557.jpg 1024w, https:\/\/focus-advokater.dk\/wp-content\/uploads\/2023\/08\/DSC01780-1-300x163.jpg 300w, https:\/\/focus-advokater.dk\/wp-content\/uploads\/2023\/08\/DSC01780-1-768x418.jpg 768w, https:\/\/focus-advokater.dk\/wp-content\/uploads\/2023\/08\/DSC01780-1-1536x836.jpg 1536w, https:\/\/focus-advokater.dk\/wp-content\/uploads\/2023\/08\/DSC01780-1.jpg 2000w\" sizes=\"(max-width: 1024px) 100vw, 1024px\" \/><\/figure>\n\n\n\n<p><br>Sagernes kompleksitet kr\u00e6ver ofte, at vores advokater tr\u00e6kker p\u00e5 specialviden i hele organisationen. Det er derfor vigtigt, at du b\u00e5de er i stand til at spille med p\u00e5 holdet og holde fokus p\u00e5 din egen spidskompetence. Endelig skal du v\u00e6re en god rollemodel, der hj\u00e6lpe de yngre jurister p\u00e5 vej.<br><br>Hos Focus Advokater bliver du en del af et fagligt inspirerende arbejdsmilj\u00f8 med gode kolleger og gode muligheder for udvikling, efteruddannelse og langsigtet karriereplanl\u00e6gning.<br><\/p>\n<\/div><\/div>\n\n\n\n<div class=\"wp-block-focus-advokater-faq-item mt-faq-item slide-toggle-wrapper\" data-slide-toggle-breakpoint=\"9999\"><div class=\"mt-faq-item__label-wrapper\"><p class=\"mt-faq-item__label slide-toggle-button arrow-right-red\">Advokatfuldm\u00e6gtig | Erhvervsfuldm\u00e6gtig<\/p><\/div><div class=\"mt-faq-item__content-wrapper slide-toggle-content wysiwyg\"><p class=\"mt-faq-item__content\">Som advokatfuldm\u00e6gtig\/erhvervsfuldm\u00e6gtig hos Focus Advokater f\u00e5r du nogle rigtig gode muligheder for at udvikle dine juridiske kompetencer, opbygge forretningsforst\u00e5else og l\u00e6re, hvordan din r\u00e5dgivning skaber v\u00e6rdi for kunderne.<br><br>Du bliver tilknyttet en afdeling og til teams, hvor du kommer til at arbejde med konkrete sager sammen med erfarne jurister. Dine arbejdsopgaver vil v\u00e6re af varierende karakter. I nogle situationer vil du f\u00e5 opgaver, som du selvst\u00e6ndigt skal sagsbehandle. Andre gange vil du komme til at indg\u00e5 som en del af en st\u00f8rre sag i samarbejde med andre jurister.<br><br><\/p>\n<figure class=\"wp-block-image size-large\"><img decoding=\"async\" width=\"1024\" height=\"544\" src=\"https:\/\/focus-advokater.dk\/wp-content\/uploads\/2023\/09\/DSC02199-1-1024x544.jpg\" alt=\"\" class=\"wp-image-3142\" srcset=\"https:\/\/focus-advokater.dk\/wp-content\/uploads\/2023\/09\/DSC02199-1-1024x544.jpg 1024w, https:\/\/focus-advokater.dk\/wp-content\/uploads\/2023\/09\/DSC02199-1-300x159.jpg 300w, https:\/\/focus-advokater.dk\/wp-content\/uploads\/2023\/09\/DSC02199-1-768x408.jpg 768w, https:\/\/focus-advokater.dk\/wp-content\/uploads\/2023\/09\/DSC02199-1-1536x815.jpg 1536w, https:\/\/focus-advokater.dk\/wp-content\/uploads\/2023\/09\/DSC02199-1.jpg 2000w\" sizes=\"(max-width: 1024px) 100vw, 1024px\" \/><\/figure>\n\n\n\n<p><br>Vi till\u00e6gger det stor betydning, at du bliver kompetenceudviklet i l\u00f8bet at din fuldm\u00e6gtigperiode, derfor tilknyttes du en mentor, der st\u00f8tter dig undervejs i hele uddannelsesforl\u00f8bet<\/p>\n<\/div><\/div>\n\n\n\n<div class=\"wp-block-focus-advokater-faq-item mt-faq-item slide-toggle-wrapper\" data-slide-toggle-breakpoint=\"9999\"><div class=\"mt-faq-item__label-wrapper\"><p class=\"mt-faq-item__label slide-toggle-button arrow-right-red\">Sagsbehandler | sekret\u00e6r<\/p><\/div><div class=\"mt-faq-item__content-wrapper slide-toggle-content wysiwyg\"><p class=\"mt-faq-item__content\">Specialiseret, service, korrespondance, kvalitet, effektivitet, fleksibilitet og im\u00f8dekommenhed er nogle af kodeordene for vores sagsbehandlere.<br><br>Som sagsbehandler hos Focus Advokater bliver du en del af en afdeling. Du vil typisk komme til at assistere et antal advokater og fuldm\u00e6gtige, og dine opgaver vil v\u00e6re varierende alt efter, hvilken afdeling du er tilknyttet.<br><br>Du skal v\u00e6re i stand til at arbejde meget selvst\u00e6ndigt, og du skal s\u00e6tte en \u00e6re i at levere god og hurtig service til kunderne. Det er derfor vigtigt, at du er meget serviceminded, kvalitetsbevidst og god til IT.<br><br><\/p>\n<figure class=\"wp-block-image size-large\"><img decoding=\"async\" width=\"1024\" height=\"601\" src=\"https:\/\/focus-advokater.dk\/wp-content\/uploads\/2024\/01\/DSC00458-1-1024x601.jpg\" alt=\"\" class=\"wp-image-3110\" srcset=\"https:\/\/focus-advokater.dk\/wp-content\/uploads\/2024\/01\/DSC00458-1-1024x601.jpg 1024w, https:\/\/focus-advokater.dk\/wp-content\/uploads\/2024\/01\/DSC00458-1-300x176.jpg 300w, https:\/\/focus-advokater.dk\/wp-content\/uploads\/2024\/01\/DSC00458-1-768x451.jpg 768w, https:\/\/focus-advokater.dk\/wp-content\/uploads\/2024\/01\/DSC00458-1-1536x901.jpg 1536w, https:\/\/focus-advokater.dk\/wp-content\/uploads\/2024\/01\/DSC00458-1.jpg 2000w\" sizes=\"(max-width: 1024px) 100vw, 1024px\" \/><\/figure>\n\n\n\n<p><br>Hos Focus Advokater bliver du en del af et fagligt inspirerende og uh\u00f8jtideligt milj\u00f8 med gode kolleger og gode udviklingsmuligheder.<br>&nbsp;<\/p>\n<\/div><\/div>\n\n\n\n<div class=\"wp-block-focus-advokater-faq-item mt-faq-item slide-toggle-wrapper\" data-slide-toggle-breakpoint=\"9999\"><div class=\"mt-faq-item__label-wrapper\"><p class=\"mt-faq-item__label slide-toggle-button arrow-right-red\">Stabsmedarbejder<\/p><\/div><div class=\"mt-faq-item__content-wrapper slide-toggle-content wysiwyg\"><p class=\"mt-faq-item__content\">Vores stabsfunktioner d\u00e6kker et bredt spektrum af faglige kompetencer og stillingstyper, som tilsammen underst\u00f8tter vores juridiske forretning. Det drejer sig om HR, markedsf\u00f8ring, \u00f8konomi, IT, RPA, compliance, administration og service.<br><br><\/p>\n<figure class=\"wp-block-image size-large\"><img decoding=\"async\" width=\"1024\" height=\"621\" src=\"https:\/\/focus-advokater.dk\/wp-content\/uploads\/2024\/01\/DSC01706-1-1024x621.jpg\" alt=\"\" class=\"wp-image-3275\" srcset=\"https:\/\/focus-advokater.dk\/wp-content\/uploads\/2024\/01\/DSC01706-1-1024x621.jpg 1024w, https:\/\/focus-advokater.dk\/wp-content\/uploads\/2024\/01\/DSC01706-1-300x182.jpg 300w, https:\/\/focus-advokater.dk\/wp-content\/uploads\/2024\/01\/DSC01706-1-768x466.jpg 768w, https:\/\/focus-advokater.dk\/wp-content\/uploads\/2024\/01\/DSC01706-1-1536x931.jpg 1536w, https:\/\/focus-advokater.dk\/wp-content\/uploads\/2024\/01\/DSC01706-1.jpg 2000w\" sizes=\"(max-width: 1024px) 100vw, 1024px\" \/><\/figure>\n\n\n\n<p><br>Jobomr\u00e5derne kr\u00e6ver meget forskellige kompetencer, men f\u00e6lles for alle g\u00e6lder, at de er med til at udvikle virksomheden og servicerer hele huset inden for vigtige faglige omr\u00e5der.<br><br>Udover h\u00f8je faglige kompetencer skal du som medarbejder i staben have gode samarbejdsevner og v\u00e6re meget servicemindet.<\/p>\n<\/div><\/div>\n\n\n\n<div class=\"wp-block-focus-advokater-faq-item mt-faq-item slide-toggle-wrapper\" data-slide-toggle-breakpoint=\"9999\"><div class=\"mt-faq-item__label-wrapper\"><p class=\"mt-faq-item__label slide-toggle-button arrow-right-red\">Trainee | Studentermedhj\u00e6lper | Praktikant<\/p><\/div><div class=\"mt-faq-item__content-wrapper slide-toggle-content wysiwyg\"><p class=\"mt-faq-item__content\">Focus Advokater er hele tiden p\u00e5 udkig efter talenter, der gerne vil begynde sin advokatkarriere som studentermedhj\u00e6lper\/trainee og supplere studiet med et relevant arbejde.<br><br>N\u00e5r vi vurderer kandidater til vores studiejob, ser vi b\u00e5de p\u00e5 dit faglige niveau og dine personlige egenskaber. Udover gode juridiske kompetencer l\u00e6gger vi ogs\u00e5 v\u00e6gt p\u00e5, at du har forretningsforst\u00e5else.<br><br><\/p>\n<figure class=\"wp-block-image size-large\"><img decoding=\"async\" width=\"1024\" height=\"683\" src=\"https:\/\/focus-advokater.dk\/wp-content\/uploads\/2024\/01\/DSC09954-1024x683.jpg\" alt=\"\" class=\"wp-image-3013\" srcset=\"https:\/\/focus-advokater.dk\/wp-content\/uploads\/2024\/01\/DSC09954-1024x683.jpg 1024w, https:\/\/focus-advokater.dk\/wp-content\/uploads\/2024\/01\/DSC09954-300x200.jpg 300w, https:\/\/focus-advokater.dk\/wp-content\/uploads\/2024\/01\/DSC09954-768x512.jpg 768w, https:\/\/focus-advokater.dk\/wp-content\/uploads\/2024\/01\/DSC09954-1536x1024.jpg 1536w, https:\/\/focus-advokater.dk\/wp-content\/uploads\/2024\/01\/DSC09954-scaled.jpg 2000w\" sizes=\"(max-width: 1024px) 100vw, 1024px\" \/><\/figure>\n\n\n\n<p><br>Som ansat i et studiejob f\u00e5r du mulighed for at pr\u00f8ve din teori af i praksis. Eksempler p\u00e5 arbejdsopgaver kan v\u00e6re udarbejdelse af notater, informationss\u00f8gning, deltagelse i sagsbehandling, udarbejdelse af udkast til st\u00e6vninger samt forfatning af nyhedsbreve.<br><br>Den ugentlige arbejdstid ligger typisk p\u00e5 1-2 dage. Arbejdstiden tilrettel\u00e6gges, s\u00e5 du ogs\u00e5 har tid til dine studier og eksamener.<\/p>\n<\/div><\/div>\n<\/div><\/div><\/section>\n","protected":false},"excerpt":{"rendered":"","protected":false},"author":1,"featured_media":0,"parent":0,"menu_order":0,"comment_status":"closed","ping_status":"closed","template":"","meta":{"_acf_changed":false,"footnotes":""},"class_list":["post-7267","page","type-page","status-publish","hentry"],"acf":[],"yoast_head":"<!-- This site is optimized with the Yoast SEO plugin v27.4 - https:\/\/yoast.com\/product\/yoast-seo-wordpress\/ -->\n<title>Arbejdsliv - Focus Advokater<\/title>\n<meta name=\"robots\" content=\"index, follow, max-snippet:-1, max-image-preview:large, max-video-preview:-1\" \/>\n<link rel=\"canonical\" href=\"https:\/\/focus-advokater.dk\/en\/arbejdsliv\/\" \/>\n<meta property=\"og:locale\" content=\"en_US\" \/>\n<meta property=\"og:type\" content=\"article\" \/>\n<meta property=\"og:title\" content=\"Arbejdsliv - Focus Advokater\" \/>\n<meta property=\"og:url\" content=\"https:\/\/focus-advokater.dk\/en\/arbejdsliv\/\" \/>\n<meta property=\"og:site_name\" content=\"Focus Advokater\" \/>\n<meta property=\"article:modified_time\" content=\"2025-11-24T09:14:44+00:00\" \/>\n<meta property=\"og:image\" content=\"https:\/\/focus-advokater.dk\/wp-content\/uploads\/2023\/10\/Eksempel-4-scaled.jpg\" \/>\n<meta name=\"twitter:card\" content=\"summary_large_image\" \/>\n<meta name=\"twitter:label1\" content=\"Est. reading time\" \/>\n\t<meta name=\"twitter:data1\" content=\"6 minutes\" \/>\n<script type=\"application\/ld+json\" class=\"yoast-schema-graph\">{\"@context\":\"https:\\\/\\\/schema.org\",\"@graph\":[{\"@type\":\"WebPage\",\"@id\":\"https:\\\/\\\/focus-advokater.dk\\\/en\\\/arbejdsliv\\\/\",\"url\":\"https:\\\/\\\/focus-advokater.dk\\\/en\\\/arbejdsliv\\\/\",\"name\":\"Arbejdsliv - Focus Advokater\",\"isPartOf\":{\"@id\":\"https:\\\/\\\/focus-advokater.dk\\\/#website\"},\"primaryImageOfPage\":{\"@id\":\"https:\\\/\\\/focus-advokater.dk\\\/en\\\/arbejdsliv\\\/#primaryimage\"},\"image\":{\"@id\":\"https:\\\/\\\/focus-advokater.dk\\\/en\\\/arbejdsliv\\\/#primaryimage\"},\"thumbnailUrl\":\"https:\\\/\\\/focus-advokater.dk\\\/wp-content\\\/uploads\\\/2023\\\/10\\\/Eksempel-4-scaled.jpg\",\"datePublished\":\"2024-01-04T08:52:07+00:00\",\"dateModified\":\"2025-11-24T09:14:44+00:00\",\"breadcrumb\":{\"@id\":\"https:\\\/\\\/focus-advokater.dk\\\/en\\\/arbejdsliv\\\/#breadcrumb\"},\"inLanguage\":\"en-US\",\"potentialAction\":[{\"@type\":\"ReadAction\",\"target\":[\"https:\\\/\\\/focus-advokater.dk\\\/en\\\/arbejdsliv\\\/\"]}]},{\"@type\":\"ImageObject\",\"inLanguage\":\"en-US\",\"@id\":\"https:\\\/\\\/focus-advokater.dk\\\/en\\\/arbejdsliv\\\/#primaryimage\",\"url\":\"https:\\\/\\\/focus-advokater.dk\\\/wp-content\\\/uploads\\\/2023\\\/10\\\/Eksempel-4-scaled.jpg\",\"contentUrl\":\"https:\\\/\\\/focus-advokater.dk\\\/wp-content\\\/uploads\\\/2023\\\/10\\\/Eksempel-4-scaled.jpg\"},{\"@type\":\"BreadcrumbList\",\"@id\":\"https:\\\/\\\/focus-advokater.dk\\\/en\\\/arbejdsliv\\\/#breadcrumb\",\"itemListElement\":[{\"@type\":\"ListItem\",\"position\":1,\"name\":\"Hjem\",\"item\":\"https:\\\/\\\/focus-advokater.dk\\\/en\\\/\"},{\"@type\":\"ListItem\",\"position\":2,\"name\":\"Arbejdsliv\"}]},{\"@type\":\"WebSite\",\"@id\":\"https:\\\/\\\/focus-advokater.dk\\\/#website\",\"url\":\"https:\\\/\\\/focus-advokater.dk\\\/\",\"name\":\"Focus Advokater\",\"description\":\"Erhvervsjuridisk r\u00e5dgivning\",\"potentialAction\":[{\"@type\":\"SearchAction\",\"target\":{\"@type\":\"EntryPoint\",\"urlTemplate\":\"https:\\\/\\\/focus-advokater.dk\\\/?s={search_term_string}\"},\"query-input\":{\"@type\":\"PropertyValueSpecification\",\"valueRequired\":true,\"valueName\":\"search_term_string\"}}],\"inLanguage\":\"en-US\"}]}<\/script>\n<!-- \/ Yoast SEO plugin. -->","yoast_head_json":{"title":"Arbejdsliv - Focus Advokater","robots":{"index":"index","follow":"follow","max-snippet":"max-snippet:-1","max-image-preview":"max-image-preview:large","max-video-preview":"max-video-preview:-1"},"canonical":"https:\/\/focus-advokater.dk\/en\/arbejdsliv\/","og_locale":"en_US","og_type":"article","og_title":"Arbejdsliv - Focus Advokater","og_url":"https:\/\/focus-advokater.dk\/en\/arbejdsliv\/","og_site_name":"Focus Advokater","article_modified_time":"2025-11-24T09:14:44+00:00","og_image":[{"url":"https:\/\/focus-advokater.dk\/wp-content\/uploads\/2023\/10\/Eksempel-4-scaled.jpg","type":"","width":"","height":""}],"twitter_card":"summary_large_image","twitter_misc":{"Est. reading time":"6 minutes"},"schema":{"@context":"https:\/\/schema.org","@graph":[{"@type":"WebPage","@id":"https:\/\/focus-advokater.dk\/en\/arbejdsliv\/","url":"https:\/\/focus-advokater.dk\/en\/arbejdsliv\/","name":"Arbejdsliv - Focus Advokater","isPartOf":{"@id":"https:\/\/focus-advokater.dk\/#website"},"primaryImageOfPage":{"@id":"https:\/\/focus-advokater.dk\/en\/arbejdsliv\/#primaryimage"},"image":{"@id":"https:\/\/focus-advokater.dk\/en\/arbejdsliv\/#primaryimage"},"thumbnailUrl":"https:\/\/focus-advokater.dk\/wp-content\/uploads\/2023\/10\/Eksempel-4-scaled.jpg","datePublished":"2024-01-04T08:52:07+00:00","dateModified":"2025-11-24T09:14:44+00:00","breadcrumb":{"@id":"https:\/\/focus-advokater.dk\/en\/arbejdsliv\/#breadcrumb"},"inLanguage":"en-US","potentialAction":[{"@type":"ReadAction","target":["https:\/\/focus-advokater.dk\/en\/arbejdsliv\/"]}]},{"@type":"ImageObject","inLanguage":"en-US","@id":"https:\/\/focus-advokater.dk\/en\/arbejdsliv\/#primaryimage","url":"https:\/\/focus-advokater.dk\/wp-content\/uploads\/2023\/10\/Eksempel-4-scaled.jpg","contentUrl":"https:\/\/focus-advokater.dk\/wp-content\/uploads\/2023\/10\/Eksempel-4-scaled.jpg"},{"@type":"BreadcrumbList","@id":"https:\/\/focus-advokater.dk\/en\/arbejdsliv\/#breadcrumb","itemListElement":[{"@type":"ListItem","position":1,"name":"Hjem","item":"https:\/\/focus-advokater.dk\/en\/"},{"@type":"ListItem","position":2,"name":"Arbejdsliv"}]},{"@type":"WebSite","@id":"https:\/\/focus-advokater.dk\/#website","url":"https:\/\/focus-advokater.dk\/","name":"Focus Advokater","description":"Erhvervsjuridisk r\u00e5dgivning","potentialAction":[{"@type":"SearchAction","target":{"@type":"EntryPoint","urlTemplate":"https:\/\/focus-advokater.dk\/?s={search_term_string}"},"query-input":{"@type":"PropertyValueSpecification","valueRequired":true,"valueName":"search_term_string"}}],"inLanguage":"en-US"}]}},"_links":{"self":[{"href":"https:\/\/focus-advokater.dk\/en\/wp-json\/wp\/v2\/pages\/7267","targetHints":{"allow":["GET"]}}],"collection":[{"href":"https:\/\/focus-advokater.dk\/en\/wp-json\/wp\/v2\/pages"}],"about":[{"href":"https:\/\/focus-advokater.dk\/en\/wp-json\/wp\/v2\/types\/page"}],"author":[{"embeddable":true,"href":"https:\/\/focus-advokater.dk\/en\/wp-json\/wp\/v2\/users\/1"}],"replies":[{"embeddable":true,"href":"https:\/\/focus-advokater.dk\/en\/wp-json\/wp\/v2\/comments?post=7267"}],"version-history":[{"count":2,"href":"https:\/\/focus-advokater.dk\/en\/wp-json\/wp\/v2\/pages\/7267\/revisions"}],"predecessor-version":[{"id":8947,"href":"https:\/\/focus-advokater.dk\/en\/wp-json\/wp\/v2\/pages\/7267\/revisions\/8947"}],"wp:attachment":[{"href":"https:\/\/focus-advokater.dk\/en\/wp-json\/wp\/v2\/media?parent=7267"}],"curies":[{"name":"wp","href":"https:\/\/api.w.org\/{rel}","templated":true}]}}